{"id":57,"date":"2025-08-03T01:13:00","date_gmt":"2025-08-03T00:13:00","guid":{"rendered":"https:\/\/vechte-fohlen.de\/?page_id=57"},"modified":"2025-08-03T01:14:03","modified_gmt":"2025-08-03T00:14:03","slug":"fanclubheim","status":"publish","type":"page","link":"https:\/\/vechte-fohlen.de\/?page_id=57","title":{"rendered":"Fanclubheim"},"content":{"rendered":"\n<p><\/p>\n\n\n\n<p>Das Geb\u00e4ude wurde fr\u00fcher als B\u00e4ckerei benutzt und stand jahrelang leer.<\/p>\n\n\n\n<p>Am Anfang des Jahres 2000 traten die Eigent\u00fcmer Irene und Heiner Pieper mit der Frage an den Vorstand der&nbsp;<strong>Vechte-Fohlen Metelen `97<\/strong>&nbsp;heran, ob der Fanclub Interesse an einem eigenen Fanclubheim h\u00e4tte?<\/p>\n\n\n\n<p>Der Vorstand war sich schnell einig, und so begann am 16. Mai 2000 der erste Arbeitseinsatz am neuen Clubheim! Die Arbeiten erstreckten sich \u00fcber mehrere Monate, in denen in der \u201eAlten B\u00e4ckerei\u201c der komplette Boden, die Fliesen und die Verkleidung von den W\u00e4nden und von der Decke entfernt werden musste. Anschlie\u00dfend wurde ein neuer Boden eingebracht und die W\u00e4nde und Decken mit Fermacelplatten neu verkleidet. Auch musste eine neue Gasleitung zum Geb\u00e4ude gef\u00fchrt werden. Was nun noch fehlte, war die eigentliche Einrichtung wie Theke, Kamin, Innen -und Au\u00dfenbeleuchtung, Gardinen, Fernseher und das Mobiliar. Aber auch dieses war schnell eingerichtet und so konnte bereits am 25.11.2000 die erste offizielle Veranstaltung der&nbsp;<strong>Vechte-Fohlen<\/strong>&nbsp;im eigenen Fanclubheim durchgef\u00fchrt werden, die Generalversammlung.<\/p>\n\n\n\n<p>Nunmehr m\u00f6chten wir uns bei allen Fanclubmitglieder bedanken, die sich an der Errichtung dieses Fanclubheimes beteiligt haben. Aber auch gilt unser Dank den Nichtmitgliedern Helmut Fislage, Albert van der Back, Alfred Segeler und Dennis Kiehl, die sich f\u00fcr die Herrichtung sehr engagiert haben. Nicht zu vergessen nat\u00fcrlich Irene und Heiner Pieper, die das Fanclubheim erst erm\u00f6glicht haben.<\/p>\n\n\n\n<p>Vorrangig wird das Fanclubheim von den&nbsp;<strong>Vechte-Fohlen Metelen`97<\/strong>&nbsp;benutzt, jedoch kann dieser Raum auch f\u00fcr Festlichkeiten wie Geburtstag, Partys usw. von Nichtmitgliedern gemietet werden. Ansprechpartner hierf\u00fcr sind Irene und Heiner Pieper, Schilden 7, 48629 Metelen, Tel. 0 25 56\/2 24.<\/p>\n","protected":false},"excerpt":{"rendered":"<p>Das Geb\u00e4ude wurde fr\u00fcher als B\u00e4ckerei benutzt und stand jahrelang leer. Am Anfang des Jahres 2000 traten die Eigent\u00fcmer Irene und Heiner Pieper mit der Frage an den Vorstand der&nbsp;Vechte-Fohlen Metelen `97&nbsp;heran, ob der Fanclub Interesse an einem eigenen Fanclubheim h\u00e4tte? Der Vorstand war sich schnell einig, und so begann am 16. Mai 2000 der [&hellip;]<\/p>\n","protected":false},"author":1,"featured_media":0,"parent":50,"menu_order":2,"comment_status":"closed","ping_status":"closed","template":"","meta":{"footnotes":""},"class_list":["post-57","page","type-page","status-publish","hentry"],"_links":{"self":[{"href":"https:\/\/vechte-fohlen.de\/index.php?rest_route=\/wp\/v2\/pages\/57","targetHints":{"allow":["GET"]}}],"collection":[{"href":"https:\/\/vechte-fohlen.de\/index.php?rest_route=\/wp\/v2\/pages"}],"about":[{"href":"https:\/\/vechte-fohlen.de\/index.php?rest_route=\/wp\/v2\/types\/page"}],"author":[{"embeddable":true,"href":"https:\/\/vechte-fohlen.de\/index.php?rest_route=\/wp\/v2\/users\/1"}],"replies":[{"embeddable":true,"href":"https:\/\/vechte-fohlen.de\/index.php?rest_route=%2Fwp%2Fv2%2Fcomments&post=57"}],"version-history":[{"count":2,"href":"https:\/\/vechte-fohlen.de\/index.php?rest_route=\/wp\/v2\/pages\/57\/revisions"}],"predecessor-version":[{"id":59,"href":"https:\/\/vechte-fohlen.de\/index.php?rest_route=\/wp\/v2\/pages\/57\/revisions\/59"}],"up":[{"embeddable":true,"href":"https:\/\/vechte-fohlen.de\/index.php?rest_route=\/wp\/v2\/pages\/50"}],"wp:attachment":[{"href":"https:\/\/vechte-fohlen.de\/index.php?rest_route=%2Fwp%2Fv2%2Fmedia&parent=57"}],"curies":[{"name":"wp","href":"https:\/\/api.w.org\/{rel}","templated":true}]}}